{"id":398,"date":"2024-01-12T17:50:23","date_gmt":"2024-01-12T17:50:23","guid":{"rendered":"https:\/\/depedrodecor.com\/?page_id=398"},"modified":"2024-02-02T09:17:05","modified_gmt":"2024-02-02T09:17:05","slug":"decoracion","status":"publish","type":"page","link":"https:\/\/depedrodecor.com\/eu\/decoracion\/","title":{"rendered":"DECORACI\u00d3N"},"content":{"rendered":"<div class=\"wp-block-media-text has-media-on-the-right is-stacked-on-mobile\" style=\"grid-template-columns:auto 21%\"><div class=\"wp-block-media-text__content\">\n<p><strong>Estuco veneciano\/cal<\/strong><\/p>\n\n\n\n<p>El estuco es una t\u00e9cnica de decoraci\u00f3n que se utiliza, principalmente, para decorar paredes y techos con el objetivo de lograr un acabado est\u00e9tico y elegante, que realce significativamente el ambiente en el que se implemente. Adem\u00e1s, es un excelente impermeabilizante porque absorbe la transpiraci\u00f3n de las paredes.<\/p>\n<\/div><figure class=\"wp-block-media-text__media\"><img fetchpriority=\"high\" decoding=\"async\" width=\"473\" height=\"1024\" src=\"https:\/\/depedrodecor.com\/wp-content\/uploads\/2024\/01\/Decor-473x1024.jpg\" alt=\"\" class=\"wp-image-400 size-full\" srcset=\"https:\/\/depedrodecor.com\/wp-content\/uploads\/2024\/01\/Decor-473x1024.jpg 473w, https:\/\/depedrodecor.com\/wp-content\/uploads\/2024\/01\/Decor-138x300.jpg 138w, https:\/\/depedrodecor.com\/wp-content\/uploads\/2024\/01\/Decor-768x1664.jpg 768w, https:\/\/depedrodecor.com\/wp-content\/uploads\/2024\/01\/Decor-709x1536.jpg 709w, https:\/\/depedrodecor.com\/wp-content\/uploads\/2024\/01\/Decor-945x2048.jpg 945w, https:\/\/depedrodecor.com\/wp-content\/uploads\/2024\/01\/Decor-6x12.jpg 6w, https:\/\/depedrodecor.com\/wp-content\/uploads\/2024\/01\/Decor-scaled.jpg 1181w\" sizes=\"(max-width: 473px) 100vw, 473px\" \/><\/figure><\/div>\n\n\n\n<hr class=\"wp-block-separator has-alpha-channel-opacity\"\/>\n\n\n\n<div class=\"wp-block-media-text is-stacked-on-mobile\" style=\"grid-template-columns:33% auto\"><figure class=\"wp-block-media-text__media\"><img decoding=\"async\" width=\"473\" height=\"1024\" src=\"https:\/\/depedrodecor.com\/wp-content\/uploads\/2024\/01\/Decor4micro-473x1024.jpg\" alt=\"\" class=\"wp-image-399 size-full\" srcset=\"https:\/\/depedrodecor.com\/wp-content\/uploads\/2024\/01\/Decor4micro-473x1024.jpg 473w, https:\/\/depedrodecor.com\/wp-content\/uploads\/2024\/01\/Decor4micro-138x300.jpg 138w, https:\/\/depedrodecor.com\/wp-content\/uploads\/2024\/01\/Decor4micro-768x1664.jpg 768w, https:\/\/depedrodecor.com\/wp-content\/uploads\/2024\/01\/Decor4micro-709x1536.jpg 709w, https:\/\/depedrodecor.com\/wp-content\/uploads\/2024\/01\/Decor4micro-945x2048.jpg 945w, https:\/\/depedrodecor.com\/wp-content\/uploads\/2024\/01\/Decor4micro-6x12.jpg 6w, https:\/\/depedrodecor.com\/wp-content\/uploads\/2024\/01\/Decor4micro-scaled.jpg 1181w\" sizes=\"(max-width: 473px) 100vw, 473px\" \/><\/figure><div class=\"wp-block-media-text__content\">\n<p><strong>Microcemento<\/strong>.<\/p>\n\n\n\n<p>El microcemento es un material compuesto a base de cemento, resinas, aditivos y pigmentos minerales con los que pueden conseguirse diferentes tonalidades.Su continuidad y sus ligeras aguas se adaptan a casi cualquier estilo, y su limpieza visual lo convierte en un material muy atractivo. Es un acabado muy bonito de aplicaci\u00f3n artesanal, lo que le confiere un car\u00e1cter especial y \u00fanico.<br><strong>Paredes y suelos: al no necesitar juntas en su aplicaci\u00f3n, aporta continuidad creando una mayor sensaci\u00f3n de amplitud<\/strong>. Adem\u00e1s, ofrece un equilibrio perfecto combinado con elementos decorativos tradicionales como la madera, el cristal o las fibras naturales. <strong>Su adherencia extraordinaria a pr\u00e1cticamente todas las superficies hace que el microcemento sea ideal tambi\u00e9n para ba\u00f1os y cocinas, donde no har\u00e1 falta retirar los antiguos azulejos<\/strong><br>Mobiliario de exteriores: bancos, jardineras o escaleras son susceptibles de ser revestidos con microcemento gracias a su gran acabado decorativo y a su excelente durabilidad.<\/p>\n<\/div><\/div>\n\n\n\n<hr class=\"wp-block-separator has-alpha-channel-opacity\"\/>\n\n\n\n<div class=\"wp-block-media-text has-media-on-the-right is-stacked-on-mobile\"><div class=\"wp-block-media-text__content\">\n<p><strong>Encimeras y suelos de epoxi.<\/strong> <\/p>\n\n\n\n<p>Renovaci\u00f3n de suelos y encimeras envejecidas o en mal estado con resina epoxi trasparente o pigmentada. La resina epoxi&nbsp;es un l\u00edquido muy viscoso, transparente, que se endurece por la adici\u00f3n de un catalizador, el cual provoca el endurecimiento de la resina al cabo de unas horas. La resina ep\u00f3xica tambi\u00e9n&nbsp;<strong>es resistente a la mayor\u00eda de los \u00e1cidos y disolventes<\/strong>; lo que significa que puede resistir la exposici\u00f3n a una amplia variedad de productos qu\u00edmicos.<\/p>\n\n\n\n<figure class=\"wp-block-gallery has-nested-images columns-default is-cropped wp-block-gallery-1 is-layout-flex wp-block-gallery-is-layout-flex\">\n<figure class=\"wp-block-image size-large\"><img decoding=\"async\" width=\"792\" height=\"1024\" data-id=\"469\" src=\"https:\/\/depedrodecor.com\/wp-content\/uploads\/2024\/01\/suelos-de-clorocaucho-1-1-792x1024.jpg\" alt=\"\" class=\"wp-image-469\" srcset=\"https:\/\/depedrodecor.com\/wp-content\/uploads\/2024\/01\/suelos-de-clorocaucho-1-1-792x1024.jpg 792w, https:\/\/depedrodecor.com\/wp-content\/uploads\/2024\/01\/suelos-de-clorocaucho-1-1-232x300.jpg 232w, https:\/\/depedrodecor.com\/wp-content\/uploads\/2024\/01\/suelos-de-clorocaucho-1-1-768x993.jpg 768w, https:\/\/depedrodecor.com\/wp-content\/uploads\/2024\/01\/suelos-de-clorocaucho-1-1-9x12.jpg 9w, https:\/\/depedrodecor.com\/wp-content\/uploads\/2024\/01\/suelos-de-clorocaucho-1-1.jpg 1100w\" sizes=\"(max-width: 792px) 100vw, 792px\" \/><\/figure>\n\n\n\n<figure class=\"wp-block-image size-large\"><img loading=\"lazy\" decoding=\"async\" width=\"512\" height=\"384\" data-id=\"468\" src=\"https:\/\/depedrodecor.com\/wp-content\/uploads\/2024\/01\/su3lo-epoxi.jpg\" alt=\"\" class=\"wp-image-468\" srcset=\"https:\/\/depedrodecor.com\/wp-content\/uploads\/2024\/01\/su3lo-epoxi.jpg 512w, https:\/\/depedrodecor.com\/wp-content\/uploads\/2024\/01\/su3lo-epoxi-300x225.jpg 300w, https:\/\/depedrodecor.com\/wp-content\/uploads\/2024\/01\/su3lo-epoxi-16x12.jpg 16w\" sizes=\"(max-width: 512px) 100vw, 512px\" \/><\/figure>\n<\/figure>\n<\/div><figure class=\"wp-block-media-text__media\"><img loading=\"lazy\" decoding=\"async\" width=\"1024\" height=\"473\" src=\"https:\/\/depedrodecor.com\/wp-content\/uploads\/2024\/01\/encimera-epoxi-1024x473.jpg\" alt=\"\" class=\"wp-image-456 size-full\" srcset=\"https:\/\/depedrodecor.com\/wp-content\/uploads\/2024\/01\/encimera-epoxi-1024x473.jpg 1024w, https:\/\/depedrodecor.com\/wp-content\/uploads\/2024\/01\/encimera-epoxi-300x138.jpg 300w, https:\/\/depedrodecor.com\/wp-content\/uploads\/2024\/01\/encimera-epoxi-768x355.jpg 768w, https:\/\/depedrodecor.com\/wp-content\/uploads\/2024\/01\/encimera-epoxi-1536x709.jpg 1536w, https:\/\/depedrodecor.com\/wp-content\/uploads\/2024\/01\/encimera-epoxi-18x8.jpg 18w, https:\/\/depedrodecor.com\/wp-content\/uploads\/2024\/01\/encimera-epoxi.jpg 1876w\" sizes=\"(max-width: 1024px) 100vw, 1024px\" \/><\/figure><\/div>\n\n\n\n<hr class=\"wp-block-separator has-alpha-channel-opacity\"\/>\n\n\n\n<div class=\"wp-block-media-text is-stacked-on-mobile\" style=\"grid-template-columns:33% auto\"><figure class=\"wp-block-media-text__media\"><img loading=\"lazy\" decoding=\"async\" width=\"473\" height=\"1024\" src=\"https:\/\/depedrodecor.com\/wp-content\/uploads\/2024\/01\/Decor3-473x1024.jpg\" alt=\"\" class=\"wp-image-401 size-full\" srcset=\"https:\/\/depedrodecor.com\/wp-content\/uploads\/2024\/01\/Decor3-473x1024.jpg 473w, https:\/\/depedrodecor.com\/wp-content\/uploads\/2024\/01\/Decor3-138x300.jpg 138w, https:\/\/depedrodecor.com\/wp-content\/uploads\/2024\/01\/Decor3-768x1664.jpg 768w, https:\/\/depedrodecor.com\/wp-content\/uploads\/2024\/01\/Decor3-709x1536.jpg 709w, https:\/\/depedrodecor.com\/wp-content\/uploads\/2024\/01\/Decor3-945x2048.jpg 945w, https:\/\/depedrodecor.com\/wp-content\/uploads\/2024\/01\/Decor3-6x12.jpg 6w, https:\/\/depedrodecor.com\/wp-content\/uploads\/2024\/01\/Decor3-scaled.jpg 1181w\" sizes=\"(max-width: 473px) 100vw, 473px\" \/><\/figure><div class=\"wp-block-media-text__content\">\n<p><strong>Renovaci\u00f3n de cocinas.<\/strong><\/p>\n\n\n\n<p>Uno de los principales inconvenientes a la hora de renovar la cocina es la cantidad de escombros que supone la retirada de los azulejos con los que se han venido revistiendo tradicionalmente sus paredes. Dado que las nuevas tendencias en interiorismo apuestan por acabados lisos con superficies pintadas o una mezcla de distintos materiales que enriquezca la estancia, te proponemos diferentes soluciones para que puedas incorporarlas en tu cocina sin necesidad de tener que quitar la cer\u00e1mica existente, con el consiguiente ahorro.<\/p>\n<\/div><\/div>\n\n\n\n<hr class=\"wp-block-separator has-alpha-channel-opacity\"\/>","protected":false},"excerpt":{"rendered":"<p>Estuco veneciano\/cal El estuco es una t\u00e9cnica de decoraci\u00f3n que se utiliza, principalmente, para decorar paredes y techos con el objetivo de lograr un acabado est\u00e9tico y elegante, que realce significativamente el ambiente en el que se implemente. Adem\u00e1s, es un excelente impermeabilizante porque absorbe la transpiraci\u00f3n de las paredes. Microcemento. El microcemento es un [&hellip;]<\/p>\n","protected":false},"author":1,"featured_media":0,"parent":0,"menu_order":0,"comment_status":"closed","ping_status":"closed","template":"","meta":{"footnotes":""},"class_list":["post-398","page","type-page","status-publish","hentry"],"yoast_head":"<!-- This site is optimized with the Yoast SEO plugin v27.3 - https:\/\/yoast.com\/product\/yoast-seo-wordpress\/ -->\n<title>DECORACI\u00d3N - Mikel de Pedro pintura decorativa<\/title>\n<meta name=\"robots\" content=\"index, follow, max-snippet:-1, max-image-preview:large, max-video-preview:-1\" \/>\n<link rel=\"canonical\" href=\"https:\/\/depedrodecor.com\/eu\/decoracion\/\" \/>\n<meta property=\"og:locale\" content=\"en_US\" \/>\n<meta property=\"og:type\" content=\"article\" \/>\n<meta property=\"og:title\" content=\"DECORACI\u00d3N - Mikel de Pedro pintura decorativa\" \/>\n<meta property=\"og:description\" content=\"Estuco veneciano\/cal El estuco es una t\u00e9cnica de decoraci\u00f3n que se utiliza, principalmente, para decorar paredes y techos con el objetivo de lograr un acabado est\u00e9tico y elegante, que realce significativamente el ambiente en el que se implemente. Adem\u00e1s, es un excelente impermeabilizante porque absorbe la transpiraci\u00f3n de las paredes. Microcemento. El microcemento es un [&hellip;]\" \/>\n<meta property=\"og:url\" content=\"https:\/\/depedrodecor.com\/eu\/decoracion\/\" \/>\n<meta property=\"og:site_name\" content=\"Mikel de Pedro pintura decorativa\" \/>\n<meta property=\"article:modified_time\" content=\"2024-02-02T09:17:05+00:00\" \/>\n<meta property=\"og:image\" content=\"https:\/\/depedrodecor.com\/wp-content\/uploads\/2024\/01\/Decor-473x1024.jpg\" \/>\n<meta name=\"twitter:card\" content=\"summary_large_image\" \/>\n<meta name=\"twitter:label1\" content=\"Est. reading time\" \/>\n\t<meta name=\"twitter:data1\" content=\"3 minutua\" \/>\n<script type=\"application\/ld+json\" class=\"yoast-schema-graph\">{\"@context\":\"https:\\\/\\\/schema.org\",\"@graph\":[{\"@type\":\"WebPage\",\"@id\":\"https:\\\/\\\/depedrodecor.com\\\/decoracion\\\/\",\"url\":\"https:\\\/\\\/depedrodecor.com\\\/decoracion\\\/\",\"name\":\"DECORACI\u00d3N - Mikel de Pedro pintura decorativa\",\"isPartOf\":{\"@id\":\"https:\\\/\\\/depedrodecor.com\\\/#website\"},\"primaryImageOfPage\":{\"@id\":\"https:\\\/\\\/depedrodecor.com\\\/decoracion\\\/#primaryimage\"},\"image\":{\"@id\":\"https:\\\/\\\/depedrodecor.com\\\/decoracion\\\/#primaryimage\"},\"thumbnailUrl\":\"https:\\\/\\\/depedrodecor.com\\\/wp-content\\\/uploads\\\/2024\\\/01\\\/Decor-473x1024.jpg\",\"datePublished\":\"2024-01-12T17:50:23+00:00\",\"dateModified\":\"2024-02-02T09:17:05+00:00\",\"breadcrumb\":{\"@id\":\"https:\\\/\\\/depedrodecor.com\\\/decoracion\\\/#breadcrumb\"},\"inLanguage\":\"eu\",\"potentialAction\":[{\"@type\":\"ReadAction\",\"target\":[\"https:\\\/\\\/depedrodecor.com\\\/decoracion\\\/\"]}]},{\"@type\":\"ImageObject\",\"inLanguage\":\"eu\",\"@id\":\"https:\\\/\\\/depedrodecor.com\\\/decoracion\\\/#primaryimage\",\"url\":\"https:\\\/\\\/depedrodecor.com\\\/wp-content\\\/uploads\\\/2024\\\/01\\\/Decor-473x1024.jpg\",\"contentUrl\":\"https:\\\/\\\/depedrodecor.com\\\/wp-content\\\/uploads\\\/2024\\\/01\\\/Decor-473x1024.jpg\"},{\"@type\":\"BreadcrumbList\",\"@id\":\"https:\\\/\\\/depedrodecor.com\\\/decoracion\\\/#breadcrumb\",\"itemListElement\":[{\"@type\":\"ListItem\",\"position\":1,\"name\":\"Portada\",\"item\":\"https:\\\/\\\/depedrodecor.com\\\/\"},{\"@type\":\"ListItem\",\"position\":2,\"name\":\"DECORACI\u00d3N\"}]},{\"@type\":\"WebSite\",\"@id\":\"https:\\\/\\\/depedrodecor.com\\\/#website\",\"url\":\"https:\\\/\\\/depedrodecor.com\\\/\",\"name\":\"Mikel de Pedro pintura decorativa\",\"description\":\"\",\"potentialAction\":[{\"@type\":\"SearchAction\",\"target\":{\"@type\":\"EntryPoint\",\"urlTemplate\":\"https:\\\/\\\/depedrodecor.com\\\/?s={search_term_string}\"},\"query-input\":{\"@type\":\"PropertyValueSpecification\",\"valueRequired\":true,\"valueName\":\"search_term_string\"}}],\"inLanguage\":\"eu\"}]}<\/script>\n<!-- \/ Yoast SEO plugin. -->","yoast_head_json":{"title":"DECORACI\u00d3N - Mikel de Pedro pintura decorativa","robots":{"index":"index","follow":"follow","max-snippet":"max-snippet:-1","max-image-preview":"max-image-preview:large","max-video-preview":"max-video-preview:-1"},"canonical":"https:\/\/depedrodecor.com\/eu\/decoracion\/","og_locale":"en_US","og_type":"article","og_title":"DECORACI\u00d3N - Mikel de Pedro pintura decorativa","og_description":"Estuco veneciano\/cal El estuco es una t\u00e9cnica de decoraci\u00f3n que se utiliza, principalmente, para decorar paredes y techos con el objetivo de lograr un acabado est\u00e9tico y elegante, que realce significativamente el ambiente en el que se implemente. Adem\u00e1s, es un excelente impermeabilizante porque absorbe la transpiraci\u00f3n de las paredes. Microcemento. El microcemento es un [&hellip;]","og_url":"https:\/\/depedrodecor.com\/eu\/decoracion\/","og_site_name":"Mikel de Pedro pintura decorativa","article_modified_time":"2024-02-02T09:17:05+00:00","og_image":[{"url":"https:\/\/depedrodecor.com\/wp-content\/uploads\/2024\/01\/Decor-473x1024.jpg","type":"","width":"","height":""}],"twitter_card":"summary_large_image","twitter_misc":{"Est. reading time":"3 minutua"},"schema":{"@context":"https:\/\/schema.org","@graph":[{"@type":"WebPage","@id":"https:\/\/depedrodecor.com\/decoracion\/","url":"https:\/\/depedrodecor.com\/decoracion\/","name":"DECORACI\u00d3N - Mikel de Pedro pintura decorativa","isPartOf":{"@id":"https:\/\/depedrodecor.com\/#website"},"primaryImageOfPage":{"@id":"https:\/\/depedrodecor.com\/decoracion\/#primaryimage"},"image":{"@id":"https:\/\/depedrodecor.com\/decoracion\/#primaryimage"},"thumbnailUrl":"https:\/\/depedrodecor.com\/wp-content\/uploads\/2024\/01\/Decor-473x1024.jpg","datePublished":"2024-01-12T17:50:23+00:00","dateModified":"2024-02-02T09:17:05+00:00","breadcrumb":{"@id":"https:\/\/depedrodecor.com\/decoracion\/#breadcrumb"},"inLanguage":"eu","potentialAction":[{"@type":"ReadAction","target":["https:\/\/depedrodecor.com\/decoracion\/"]}]},{"@type":"ImageObject","inLanguage":"eu","@id":"https:\/\/depedrodecor.com\/decoracion\/#primaryimage","url":"https:\/\/depedrodecor.com\/wp-content\/uploads\/2024\/01\/Decor-473x1024.jpg","contentUrl":"https:\/\/depedrodecor.com\/wp-content\/uploads\/2024\/01\/Decor-473x1024.jpg"},{"@type":"BreadcrumbList","@id":"https:\/\/depedrodecor.com\/decoracion\/#breadcrumb","itemListElement":[{"@type":"ListItem","position":1,"name":"Portada","item":"https:\/\/depedrodecor.com\/"},{"@type":"ListItem","position":2,"name":"DECORACI\u00d3N"}]},{"@type":"WebSite","@id":"https:\/\/depedrodecor.com\/#website","url":"https:\/\/depedrodecor.com\/","name":"Mikel de Pedro pintura decorativa","description":"","potentialAction":[{"@type":"SearchAction","target":{"@type":"EntryPoint","urlTemplate":"https:\/\/depedrodecor.com\/?s={search_term_string}"},"query-input":{"@type":"PropertyValueSpecification","valueRequired":true,"valueName":"search_term_string"}}],"inLanguage":"eu"}]}},"_links":{"self":[{"href":"https:\/\/depedrodecor.com\/eu\/wp-json\/wp\/v2\/pages\/398","targetHints":{"allow":["GET"]}}],"collection":[{"href":"https:\/\/depedrodecor.com\/eu\/wp-json\/wp\/v2\/pages"}],"about":[{"href":"https:\/\/depedrodecor.com\/eu\/wp-json\/wp\/v2\/types\/page"}],"author":[{"embeddable":true,"href":"https:\/\/depedrodecor.com\/eu\/wp-json\/wp\/v2\/users\/1"}],"replies":[{"embeddable":true,"href":"https:\/\/depedrodecor.com\/eu\/wp-json\/wp\/v2\/comments?post=398"}],"version-history":[{"count":8,"href":"https:\/\/depedrodecor.com\/eu\/wp-json\/wp\/v2\/pages\/398\/revisions"}],"predecessor-version":[{"id":472,"href":"https:\/\/depedrodecor.com\/eu\/wp-json\/wp\/v2\/pages\/398\/revisions\/472"}],"wp:attachment":[{"href":"https:\/\/depedrodecor.com\/eu\/wp-json\/wp\/v2\/media?parent=398"}],"curies":[{"name":"wp","href":"https:\/\/api.w.org\/{rel}","templated":true}]}}