{"id":396,"date":"2024-01-12T17:43:13","date_gmt":"2024-01-12T17:43:13","guid":{"rendered":"https:\/\/depedrodecor.com\/?page_id=396"},"modified":"2024-01-17T10:36:56","modified_gmt":"2024-01-17T10:36:56","slug":"exterior","status":"publish","type":"page","link":"https:\/\/depedrodecor.com\/eu\/exterior\/","title":{"rendered":"EXTERIOR"},"content":{"rendered":"<div class=\"wp-block-media-text has-media-on-the-right is-stacked-on-mobile\"><div class=\"wp-block-media-text__content\">\n<p><strong>Revestimientos.<\/strong><\/p>\n\n\n\n<p>El revestimiento de la fachada hace referencia a la cobertura que se aplica en el exterior de los edificios y viviendas. Este revestimiento exterior de fachada no tiene \u00fanicamente un objetivo est\u00e9tico, sino que su funci\u00f3n tambi\u00e9n est\u00e1 dirigida a dotar al edificio de una mayor protecci\u00f3n.<\/p>\n<\/div><figure class=\"wp-block-media-text__media\"><video controls src=\"https:\/\/depedrodecor.com\/wp-content\/uploads\/2024\/01\/VID-20231228-WA0007.mp4\"><\/video><\/figure><\/div>\n\n\n\n<hr class=\"wp-block-separator has-alpha-channel-opacity\"\/>\n\n\n\n<div class=\"wp-block-media-text is-stacked-on-mobile\" style=\"grid-template-columns:60% auto\"><figure class=\"wp-block-media-text__media\"><img fetchpriority=\"high\" decoding=\"async\" width=\"1024\" height=\"576\" src=\"https:\/\/depedrodecor.com\/wp-content\/uploads\/2024\/01\/Casa-con-logo-1024x576.jpg\" alt=\"\" class=\"wp-image-458 size-full\" srcset=\"https:\/\/depedrodecor.com\/wp-content\/uploads\/2024\/01\/Casa-con-logo-1024x576.jpg 1024w, https:\/\/depedrodecor.com\/wp-content\/uploads\/2024\/01\/Casa-con-logo-300x169.jpg 300w, https:\/\/depedrodecor.com\/wp-content\/uploads\/2024\/01\/Casa-con-logo-768x432.jpg 768w, https:\/\/depedrodecor.com\/wp-content\/uploads\/2024\/01\/Casa-con-logo-1536x864.jpg 1536w, https:\/\/depedrodecor.com\/wp-content\/uploads\/2024\/01\/Casa-con-logo-18x10.jpg 18w, https:\/\/depedrodecor.com\/wp-content\/uploads\/2024\/01\/Casa-con-logo.jpg 2048w\" sizes=\"(max-width: 1024px) 100vw, 1024px\" \/><\/figure><div class=\"wp-block-media-text__content\">\n<p><strong>Pintura pl\u00e1stica.<\/strong><\/p>\n\n\n\n<p>Son las pinturas m\u00e1s populares y existe una gran variedad de colores y tonalidades. Las pinturas acr\u00edlicas son m\u00e1s el\u00e1sticas y, aunque son m\u00e1s costosas, su durabilidad es mayor. Las pinturas acr\u00edlicas son ideales para exteriores pues resisten cambios clim\u00e1ticos y fuertes temperaturas.<\/p>\n<\/div><\/div>\n\n\n\n<hr class=\"wp-block-separator has-alpha-channel-opacity\"\/>\n\n\n\n<div class=\"wp-block-media-text has-media-on-the-right is-stacked-on-mobile\"><div class=\"wp-block-media-text__content\">\n<p><strong>Impermeabilizantes.<\/strong><\/p>\n\n\n\n<p>La impermeabilizaci\u00f3n consiste en el uso de productos espec\u00edficos como m\u00e9todo de aislamiento, que evitan que el agua y la humedad ingresen al interior de la fachada. Este es el \u00fanico modo de garantizar que la estructura de la obra se mantenga seca y sin filtraciones.<\/p>\n<\/div><figure class=\"wp-block-media-text__media\"><img decoding=\"async\" width=\"1024\" height=\"486\" src=\"https:\/\/depedrodecor.com\/wp-content\/uploads\/2023\/09\/image9898_optimized-1024x486.png\" alt=\"\" class=\"wp-image-90 size-full\" srcset=\"https:\/\/depedrodecor.com\/wp-content\/uploads\/2023\/09\/image9898_optimized-1024x486.png 1024w, https:\/\/depedrodecor.com\/wp-content\/uploads\/2023\/09\/image9898_optimized-300x142.png 300w, https:\/\/depedrodecor.com\/wp-content\/uploads\/2023\/09\/image9898_optimized-768x364.png 768w, https:\/\/depedrodecor.com\/wp-content\/uploads\/2023\/09\/image9898_optimized-18x9.png 18w, https:\/\/depedrodecor.com\/wp-content\/uploads\/2023\/09\/image9898_optimized.png 1200w\" sizes=\"(max-width: 1024px) 100vw, 1024px\" \/><\/figure><\/div>\n\n\n\n<hr class=\"wp-block-separator has-alpha-channel-opacity\"\/>\n\n\n\n<div class=\"wp-block-media-text is-stacked-on-mobile\" style=\"grid-template-columns:34% auto\"><figure class=\"wp-block-media-text__media\"><a href=\"https:\/\/we.tl\/t-gMM8cTVrfj\"><img decoding=\"async\" width=\"900\" height=\"1024\" src=\"https:\/\/depedrodecor.com\/wp-content\/uploads\/2024\/01\/1705347907904-900x1024.jpg\" alt=\"\" class=\"wp-image-439 size-full\" srcset=\"https:\/\/depedrodecor.com\/wp-content\/uploads\/2024\/01\/1705347907904-900x1024.jpg 900w, https:\/\/depedrodecor.com\/wp-content\/uploads\/2024\/01\/1705347907904-264x300.jpg 264w, https:\/\/depedrodecor.com\/wp-content\/uploads\/2024\/01\/1705347907904-768x874.jpg 768w, https:\/\/depedrodecor.com\/wp-content\/uploads\/2024\/01\/1705347907904-1349x1536.jpg 1349w, https:\/\/depedrodecor.com\/wp-content\/uploads\/2024\/01\/1705347907904-11x12.jpg 11w, https:\/\/depedrodecor.com\/wp-content\/uploads\/2024\/01\/1705347907904.jpg 1799w\" sizes=\"(max-width: 900px) 100vw, 900px\" \/><\/a><\/figure><div class=\"wp-block-media-text__content\">\n<p><strong>Tratamientos.<\/strong><\/p>\n\n\n\n<p>Las eflorescencias salinas o salitres son, fundamentalmente, sales de sodio o potasio que se acumulan en forma de cristales en la superficie de los paramentos de hormig\u00f3n, piedra natural o ladrillo.<\/p>\n<\/div><\/div>\n\n\n\n<hr class=\"wp-block-separator has-alpha-channel-opacity\"\/>","protected":false},"excerpt":{"rendered":"<p>Revestimientos. El revestimiento de la fachada hace referencia a la cobertura que se aplica en el exterior de los edificios y viviendas. Este revestimiento exterior de fachada no tiene \u00fanicamente un objetivo est\u00e9tico, sino que su funci\u00f3n tambi\u00e9n est\u00e1 dirigida a dotar al edificio de una mayor protecci\u00f3n. Pintura pl\u00e1stica. Son las pinturas m\u00e1s populares [&hellip;]<\/p>\n","protected":false},"author":1,"featured_media":0,"parent":0,"menu_order":0,"comment_status":"closed","ping_status":"closed","template":"","meta":{"footnotes":""},"class_list":["post-396","page","type-page","status-publish","hentry"],"yoast_head":"<!-- This site is optimized with the Yoast SEO plugin v27.3 - https:\/\/yoast.com\/product\/yoast-seo-wordpress\/ -->\n<title>EXTERIOR - Mikel de Pedro pintura decorativa 100% acr\u00edlica fachadas<\/title>\n<meta name=\"description\" content=\"Una buena impermeabilizaci\u00f3n de la fachada ayudar\u00e1 a evitar futuros problemas en el interior de las viviendas. La pintura 100% acr\u00edlica es resistente a la humedad, al moho y los efectos del sol; adem\u00e1s, es lavable con agua y jab\u00f3n y est\u00e1 disponible en infinidad de colores.\" \/>\n<meta name=\"robots\" content=\"index, follow, max-snippet:-1, max-image-preview:large, max-video-preview:-1\" \/>\n<link rel=\"canonical\" href=\"https:\/\/depedrodecor.com\/eu\/exterior\/\" \/>\n<meta property=\"og:locale\" content=\"en_US\" \/>\n<meta property=\"og:type\" content=\"article\" \/>\n<meta property=\"og:title\" content=\"EXTERIOR - Mikel de Pedro pintura decorativa 100% acr\u00edlica fachadas\" \/>\n<meta property=\"og:description\" content=\"Una buena impermeabilizaci\u00f3n de la fachada ayudar\u00e1 a evitar futuros problemas en el interior de las viviendas. La pintura 100% acr\u00edlica es resistente a la humedad, al moho y los efectos del sol; adem\u00e1s, es lavable con agua y jab\u00f3n y est\u00e1 disponible en infinidad de colores.\" \/>\n<meta property=\"og:url\" content=\"https:\/\/depedrodecor.com\/eu\/exterior\/\" \/>\n<meta property=\"og:site_name\" content=\"Mikel de Pedro pintura decorativa\" \/>\n<meta property=\"article:modified_time\" content=\"2024-01-17T10:36:56+00:00\" \/>\n<meta property=\"og:image\" content=\"https:\/\/depedrodecor.com\/wp-content\/uploads\/2024\/01\/Casa-con-logo-1024x576.jpg\" \/>\n<meta name=\"twitter:card\" content=\"summary_large_image\" \/>\n<meta name=\"twitter:label1\" content=\"Est. reading time\" \/>\n\t<meta name=\"twitter:data1\" content=\"2 minutua\" \/>\n<script type=\"application\/ld+json\" class=\"yoast-schema-graph\">{\"@context\":\"https:\\\/\\\/schema.org\",\"@graph\":[{\"@type\":\"WebPage\",\"@id\":\"https:\\\/\\\/depedrodecor.com\\\/exterior\\\/\",\"url\":\"https:\\\/\\\/depedrodecor.com\\\/exterior\\\/\",\"name\":\"EXTERIOR - Mikel de Pedro pintura decorativa 100% acr\u00edlica fachadas\",\"isPartOf\":{\"@id\":\"https:\\\/\\\/depedrodecor.com\\\/#website\"},\"primaryImageOfPage\":{\"@id\":\"https:\\\/\\\/depedrodecor.com\\\/exterior\\\/#primaryimage\"},\"image\":{\"@id\":\"https:\\\/\\\/depedrodecor.com\\\/exterior\\\/#primaryimage\"},\"thumbnailUrl\":\"https:\\\/\\\/depedrodecor.com\\\/wp-content\\\/uploads\\\/2024\\\/01\\\/Casa-con-logo-1024x576.jpg\",\"datePublished\":\"2024-01-12T17:43:13+00:00\",\"dateModified\":\"2024-01-17T10:36:56+00:00\",\"description\":\"Una buena impermeabilizaci\u00f3n de la fachada ayudar\u00e1 a evitar futuros problemas en el interior de las viviendas. La pintura 100% acr\u00edlica es resistente a la humedad, al moho y los efectos del sol; adem\u00e1s, es lavable con agua y jab\u00f3n y est\u00e1 disponible en infinidad de colores.\",\"breadcrumb\":{\"@id\":\"https:\\\/\\\/depedrodecor.com\\\/exterior\\\/#breadcrumb\"},\"inLanguage\":\"eu\",\"potentialAction\":[{\"@type\":\"ReadAction\",\"target\":[\"https:\\\/\\\/depedrodecor.com\\\/exterior\\\/\"]}]},{\"@type\":\"ImageObject\",\"inLanguage\":\"eu\",\"@id\":\"https:\\\/\\\/depedrodecor.com\\\/exterior\\\/#primaryimage\",\"url\":\"https:\\\/\\\/depedrodecor.com\\\/wp-content\\\/uploads\\\/2024\\\/01\\\/Casa-con-logo-1024x576.jpg\",\"contentUrl\":\"https:\\\/\\\/depedrodecor.com\\\/wp-content\\\/uploads\\\/2024\\\/01\\\/Casa-con-logo-1024x576.jpg\"},{\"@type\":\"BreadcrumbList\",\"@id\":\"https:\\\/\\\/depedrodecor.com\\\/exterior\\\/#breadcrumb\",\"itemListElement\":[{\"@type\":\"ListItem\",\"position\":1,\"name\":\"Portada\",\"item\":\"https:\\\/\\\/depedrodecor.com\\\/\"},{\"@type\":\"ListItem\",\"position\":2,\"name\":\"EXTERIOR\"}]},{\"@type\":\"WebSite\",\"@id\":\"https:\\\/\\\/depedrodecor.com\\\/#website\",\"url\":\"https:\\\/\\\/depedrodecor.com\\\/\",\"name\":\"Mikel de Pedro pintura decorativa\",\"description\":\"\",\"potentialAction\":[{\"@type\":\"SearchAction\",\"target\":{\"@type\":\"EntryPoint\",\"urlTemplate\":\"https:\\\/\\\/depedrodecor.com\\\/?s={search_term_string}\"},\"query-input\":{\"@type\":\"PropertyValueSpecification\",\"valueRequired\":true,\"valueName\":\"search_term_string\"}}],\"inLanguage\":\"eu\"}]}<\/script>\n<!-- \/ Yoast SEO plugin. -->","yoast_head_json":{"title":"EXTERIOR - Mikel de Pedro pintura decorativa 100% acr\u00edlica fachadas","description":"Una buena impermeabilizaci\u00f3n de la fachada ayudar\u00e1 a evitar futuros problemas en el interior de las viviendas. La pintura 100% acr\u00edlica es resistente a la humedad, al moho y los efectos del sol; adem\u00e1s, es lavable con agua y jab\u00f3n y est\u00e1 disponible en infinidad de colores.","robots":{"index":"index","follow":"follow","max-snippet":"max-snippet:-1","max-image-preview":"max-image-preview:large","max-video-preview":"max-video-preview:-1"},"canonical":"https:\/\/depedrodecor.com\/eu\/exterior\/","og_locale":"en_US","og_type":"article","og_title":"EXTERIOR - Mikel de Pedro pintura decorativa 100% acr\u00edlica fachadas","og_description":"Una buena impermeabilizaci\u00f3n de la fachada ayudar\u00e1 a evitar futuros problemas en el interior de las viviendas. La pintura 100% acr\u00edlica es resistente a la humedad, al moho y los efectos del sol; adem\u00e1s, es lavable con agua y jab\u00f3n y est\u00e1 disponible en infinidad de colores.","og_url":"https:\/\/depedrodecor.com\/eu\/exterior\/","og_site_name":"Mikel de Pedro pintura decorativa","article_modified_time":"2024-01-17T10:36:56+00:00","og_image":[{"url":"https:\/\/depedrodecor.com\/wp-content\/uploads\/2024\/01\/Casa-con-logo-1024x576.jpg","type":"","width":"","height":""}],"twitter_card":"summary_large_image","twitter_misc":{"Est. reading time":"2 minutua"},"schema":{"@context":"https:\/\/schema.org","@graph":[{"@type":"WebPage","@id":"https:\/\/depedrodecor.com\/exterior\/","url":"https:\/\/depedrodecor.com\/exterior\/","name":"EXTERIOR - Mikel de Pedro pintura decorativa 100% acr\u00edlica fachadas","isPartOf":{"@id":"https:\/\/depedrodecor.com\/#website"},"primaryImageOfPage":{"@id":"https:\/\/depedrodecor.com\/exterior\/#primaryimage"},"image":{"@id":"https:\/\/depedrodecor.com\/exterior\/#primaryimage"},"thumbnailUrl":"https:\/\/depedrodecor.com\/wp-content\/uploads\/2024\/01\/Casa-con-logo-1024x576.jpg","datePublished":"2024-01-12T17:43:13+00:00","dateModified":"2024-01-17T10:36:56+00:00","description":"Una buena impermeabilizaci\u00f3n de la fachada ayudar\u00e1 a evitar futuros problemas en el interior de las viviendas. La pintura 100% acr\u00edlica es resistente a la humedad, al moho y los efectos del sol; adem\u00e1s, es lavable con agua y jab\u00f3n y est\u00e1 disponible en infinidad de colores.","breadcrumb":{"@id":"https:\/\/depedrodecor.com\/exterior\/#breadcrumb"},"inLanguage":"eu","potentialAction":[{"@type":"ReadAction","target":["https:\/\/depedrodecor.com\/exterior\/"]}]},{"@type":"ImageObject","inLanguage":"eu","@id":"https:\/\/depedrodecor.com\/exterior\/#primaryimage","url":"https:\/\/depedrodecor.com\/wp-content\/uploads\/2024\/01\/Casa-con-logo-1024x576.jpg","contentUrl":"https:\/\/depedrodecor.com\/wp-content\/uploads\/2024\/01\/Casa-con-logo-1024x576.jpg"},{"@type":"BreadcrumbList","@id":"https:\/\/depedrodecor.com\/exterior\/#breadcrumb","itemListElement":[{"@type":"ListItem","position":1,"name":"Portada","item":"https:\/\/depedrodecor.com\/"},{"@type":"ListItem","position":2,"name":"EXTERIOR"}]},{"@type":"WebSite","@id":"https:\/\/depedrodecor.com\/#website","url":"https:\/\/depedrodecor.com\/","name":"Mikel de Pedro pintura decorativa","description":"","potentialAction":[{"@type":"SearchAction","target":{"@type":"EntryPoint","urlTemplate":"https:\/\/depedrodecor.com\/?s={search_term_string}"},"query-input":{"@type":"PropertyValueSpecification","valueRequired":true,"valueName":"search_term_string"}}],"inLanguage":"eu"}]}},"_links":{"self":[{"href":"https:\/\/depedrodecor.com\/eu\/wp-json\/wp\/v2\/pages\/396","targetHints":{"allow":["GET"]}}],"collection":[{"href":"https:\/\/depedrodecor.com\/eu\/wp-json\/wp\/v2\/pages"}],"about":[{"href":"https:\/\/depedrodecor.com\/eu\/wp-json\/wp\/v2\/types\/page"}],"author":[{"embeddable":true,"href":"https:\/\/depedrodecor.com\/eu\/wp-json\/wp\/v2\/users\/1"}],"replies":[{"embeddable":true,"href":"https:\/\/depedrodecor.com\/eu\/wp-json\/wp\/v2\/comments?post=396"}],"version-history":[{"count":9,"href":"https:\/\/depedrodecor.com\/eu\/wp-json\/wp\/v2\/pages\/396\/revisions"}],"predecessor-version":[{"id":460,"href":"https:\/\/depedrodecor.com\/eu\/wp-json\/wp\/v2\/pages\/396\/revisions\/460"}],"wp:attachment":[{"href":"https:\/\/depedrodecor.com\/eu\/wp-json\/wp\/v2\/media?parent=396"}],"curies":[{"name":"wp","href":"https:\/\/api.w.org\/{rel}","templated":true}]}}