{"id":393,"date":"2024-01-12T17:38:04","date_gmt":"2024-01-12T17:38:04","guid":{"rendered":"https:\/\/depedrodecor.com\/?page_id=393"},"modified":"2024-01-15T21:01:20","modified_gmt":"2024-01-15T21:01:20","slug":"interior","status":"publish","type":"page","link":"https:\/\/depedrodecor.com\/eu\/interior\/","title":{"rendered":"INTERIOR"},"content":{"rendered":"<p><\/p>\n\n\n\n<div class=\"wp-block-media-text is-stacked-on-mobile\" style=\"grid-template-columns:52% auto\"><figure class=\"wp-block-media-text__media\"><img fetchpriority=\"high\" decoding=\"async\" width=\"1024\" height=\"473\" src=\"https:\/\/depedrodecor.com\/wp-content\/uploads\/2024\/01\/1705347708076-2-1024x473.jpg\" alt=\"\" class=\"wp-image-445 size-full\" srcset=\"https:\/\/depedrodecor.com\/wp-content\/uploads\/2024\/01\/1705347708076-2-1024x473.jpg 1024w, https:\/\/depedrodecor.com\/wp-content\/uploads\/2024\/01\/1705347708076-2-300x138.jpg 300w, https:\/\/depedrodecor.com\/wp-content\/uploads\/2024\/01\/1705347708076-2-768x354.jpg 768w, https:\/\/depedrodecor.com\/wp-content\/uploads\/2024\/01\/1705347708076-2-1536x709.jpg 1536w, https:\/\/depedrodecor.com\/wp-content\/uploads\/2024\/01\/1705347708076-2-2048x945.jpg 2048w, https:\/\/depedrodecor.com\/wp-content\/uploads\/2024\/01\/1705347708076-2-18x8.jpg 18w\" sizes=\"(max-width: 1024px) 100vw, 1024px\" \/><\/figure><div class=\"wp-block-media-text__content\">\n<p>Pintura pl\u00e1stica.<\/p>\n\n\n\n<p>Este tipo de pintura est\u00e1 elaborada por pol\u00edmero de acr\u00edlico y resinas sint\u00e9ticas solubles en agua y es el tipo de pintura m\u00e1s resistente tanto para interior como exterior y tiene una mayor capacidad impermeabilizante. se seca r\u00e1pidamente, se puede limpiar con agua y la encontramos disponible en una amplia gama de colores y acabados (liso, mate y brillo).<\/p>\n<\/div><\/div>\n\n\n\n<hr class=\"wp-block-separator has-alpha-channel-opacity\"\/>\n\n\n\n<div class=\"wp-block-media-text has-media-on-the-right is-stacked-on-mobile\" style=\"grid-template-columns:auto 36%\"><div class=\"wp-block-media-text__content\">\n<p>Esmaltes.<\/p>\n\n\n\n<p>El uso principal de los esmaltes es el de pintar o proteger determinadas piezas de mobiliario, carpinter\u00eda y superficies met\u00e1licas. Adem\u00e1s, existen esmaltes espec\u00edficos para superficies cer\u00e1micas como azulejos, ba\u00f1os, lavabos, radiadores, etc\u2026<\/p>\n\n\n\n<p><\/p>\n<\/div><figure class=\"wp-block-media-text__media\"><img decoding=\"async\" width=\"600\" height=\"600\" src=\"https:\/\/depedrodecor.com\/wp-content\/uploads\/2023\/09\/image9821_optimized.png\" alt=\"\" class=\"wp-image-95 size-full\" srcset=\"https:\/\/depedrodecor.com\/wp-content\/uploads\/2023\/09\/image9821_optimized.png 600w, https:\/\/depedrodecor.com\/wp-content\/uploads\/2023\/09\/image9821_optimized-300x300.png 300w, https:\/\/depedrodecor.com\/wp-content\/uploads\/2023\/09\/image9821_optimized-150x150.png 150w, https:\/\/depedrodecor.com\/wp-content\/uploads\/2023\/09\/image9821_optimized-12x12.png 12w\" sizes=\"(max-width: 600px) 100vw, 600px\" \/><\/figure><\/div>\n\n\n\n<hr class=\"wp-block-separator has-alpha-channel-opacity\"\/>\n\n\n\n<div class=\"wp-block-media-text is-stacked-on-mobile\"><figure class=\"wp-block-media-text__media\"><img decoding=\"async\" width=\"900\" height=\"675\" src=\"https:\/\/depedrodecor.com\/wp-content\/uploads\/2024\/01\/barnizar-madera.webp\" alt=\"\" class=\"wp-image-447 size-full\" srcset=\"https:\/\/depedrodecor.com\/wp-content\/uploads\/2024\/01\/barnizar-madera.webp 900w, https:\/\/depedrodecor.com\/wp-content\/uploads\/2024\/01\/barnizar-madera-300x225.webp 300w, https:\/\/depedrodecor.com\/wp-content\/uploads\/2024\/01\/barnizar-madera-768x576.webp 768w, https:\/\/depedrodecor.com\/wp-content\/uploads\/2024\/01\/barnizar-madera-16x12.webp 16w\" sizes=\"(max-width: 900px) 100vw, 900px\" \/><\/figure><div class=\"wp-block-media-text__content\">\n<p>Barnizados.<\/p>\n\n\n\n<p>El barniz es un revestimiento transparente o semitransparente que se aplica sobre superficies de madera, metal o pintura para protegerlas y realzar su apariencia. Este recubrimiento crea una capa resistente que proporciona brillo, durabilidad y protecci\u00f3n contra el desgaste y los elementos.<\/p>\n<\/div><\/div>\n\n\n\n<hr class=\"wp-block-separator has-alpha-channel-opacity\"\/>\n\n\n\n<div class=\"wp-block-media-text is-stacked-on-mobile\"><figure class=\"wp-block-media-text__media\"><img loading=\"lazy\" decoding=\"async\" width=\"800\" height=\"800\" src=\"https:\/\/depedrodecor.com\/wp-content\/uploads\/2024\/01\/Papel.webp\" alt=\"\" class=\"wp-image-449 size-full\" srcset=\"https:\/\/depedrodecor.com\/wp-content\/uploads\/2024\/01\/Papel.webp 800w, https:\/\/depedrodecor.com\/wp-content\/uploads\/2024\/01\/Papel-300x300.webp 300w, https:\/\/depedrodecor.com\/wp-content\/uploads\/2024\/01\/Papel-150x150.webp 150w, https:\/\/depedrodecor.com\/wp-content\/uploads\/2024\/01\/Papel-768x768.webp 768w, https:\/\/depedrodecor.com\/wp-content\/uploads\/2024\/01\/Papel-12x12.webp 12w\" sizes=\"(max-width: 800px) 100vw, 800px\" \/><\/figure><div class=\"wp-block-media-text__content\">\n<p>El papel pintado, tambi\u00e9n conocido como empapelado, papel tapiz, papel mural o papel de colgadura, es un tipo de papel que se utiliza en decoraci\u00f3n de interiores y se coloca sobre las paredes de una habitaci\u00f3n cubri\u00e9ndolas total o parcialmente.<\/p>\n\n\n\n<p>Empapelados.<\/p>\n<\/div><\/div>\n\n\n\n<hr class=\"wp-block-separator has-alpha-channel-opacity\"\/>\n\n\n\n<div class=\"wp-block-media-text has-media-on-the-right is-stacked-on-mobile\" style=\"grid-template-columns:auto 27%\"><div class=\"wp-block-media-text__content\">\n<p>Suelos clorocaucho.<\/p>\n\n\n\n<p>El clorocaucho, tambi\u00e9n conocido como caucho clorado, es un pol\u00edmero sint\u00e9tico que se caracteriza por su resistencia a los productos qu\u00edmicos, a la intemperie y a la abrasi\u00f3n. Ello lo ha convertido en una alternativa sumamente demandada para toda clase de revestimientos protectores y recubrimientos de suelos y pavimentos tanto en interior como en exterior.<\/p>\n<\/div><figure class=\"wp-block-media-text__media\"><img loading=\"lazy\" decoding=\"async\" width=\"792\" height=\"1024\" src=\"https:\/\/depedrodecor.com\/wp-content\/uploads\/2024\/01\/suelos-de-clorocaucho--792x1024.jpg\" alt=\"\" class=\"wp-image-448 size-full\" srcset=\"https:\/\/depedrodecor.com\/wp-content\/uploads\/2024\/01\/suelos-de-clorocaucho--792x1024.jpg 792w, https:\/\/depedrodecor.com\/wp-content\/uploads\/2024\/01\/suelos-de-clorocaucho--232x300.jpg 232w, https:\/\/depedrodecor.com\/wp-content\/uploads\/2024\/01\/suelos-de-clorocaucho--768x993.jpg 768w, https:\/\/depedrodecor.com\/wp-content\/uploads\/2024\/01\/suelos-de-clorocaucho--9x12.jpg 9w, https:\/\/depedrodecor.com\/wp-content\/uploads\/2024\/01\/suelos-de-clorocaucho-.jpg 1100w\" sizes=\"(max-width: 792px) 100vw, 792px\" \/><\/figure><\/div>","protected":false},"excerpt":{"rendered":"<p>Pintura pl\u00e1stica. Este tipo de pintura est\u00e1 elaborada por pol\u00edmero de acr\u00edlico y resinas sint\u00e9ticas solubles en agua y es el tipo de pintura m\u00e1s resistente tanto para interior como exterior y tiene una mayor capacidad impermeabilizante. se seca r\u00e1pidamente, se puede limpiar con agua y la encontramos disponible en una amplia gama de colores [&hellip;]<\/p>\n","protected":false},"author":1,"featured_media":0,"parent":0,"menu_order":0,"comment_status":"closed","ping_status":"closed","template":"","meta":{"footnotes":""},"class_list":["post-393","page","type-page","status-publish","hentry"],"yoast_head":"<!-- This site is optimized with the Yoast SEO plugin v27.3 - https:\/\/yoast.com\/product\/yoast-seo-wordpress\/ -->\n<title>INTERIOR - Mikel de Pedro pintura decorativa<\/title>\n<meta name=\"description\" content=\"Con 32 a\u00f1os de experiencia en pintura decorativa, especializado en alisar paredes, recubrir gotel\u00e9 y en aplicar t\u00e9cnicas de acabado como el estuco veneciano o el microcemento.\" \/>\n<meta name=\"robots\" content=\"index, follow, max-snippet:-1, max-image-preview:large, max-video-preview:-1\" \/>\n<link rel=\"canonical\" href=\"https:\/\/depedrodecor.com\/eu\/interior\/\" \/>\n<meta property=\"og:locale\" content=\"en_US\" \/>\n<meta property=\"og:type\" content=\"article\" \/>\n<meta property=\"og:title\" content=\"INTERIOR - Mikel de Pedro pintura decorativa\" \/>\n<meta property=\"og:description\" content=\"Con 32 a\u00f1os de experiencia en pintura decorativa, especializado en alisar paredes, recubrir gotel\u00e9 y en aplicar t\u00e9cnicas de acabado como el estuco veneciano o el microcemento.\" \/>\n<meta property=\"og:url\" content=\"https:\/\/depedrodecor.com\/eu\/interior\/\" \/>\n<meta property=\"og:site_name\" content=\"Mikel de Pedro pintura decorativa\" \/>\n<meta property=\"article:modified_time\" content=\"2024-01-15T21:01:20+00:00\" \/>\n<meta property=\"og:image\" content=\"https:\/\/depedrodecor.com\/wp-content\/uploads\/2024\/01\/1705347708076-2-1024x473.jpg\" \/>\n<meta name=\"twitter:card\" content=\"summary_large_image\" \/>\n<meta name=\"twitter:label1\" content=\"Est. reading time\" \/>\n\t<meta name=\"twitter:data1\" content=\"3 minutua\" \/>\n<script type=\"application\/ld+json\" class=\"yoast-schema-graph\">{\"@context\":\"https:\\\/\\\/schema.org\",\"@graph\":[{\"@type\":\"WebPage\",\"@id\":\"https:\\\/\\\/depedrodecor.com\\\/interior\\\/\",\"url\":\"https:\\\/\\\/depedrodecor.com\\\/interior\\\/\",\"name\":\"INTERIOR - Mikel de Pedro pintura decorativa\",\"isPartOf\":{\"@id\":\"https:\\\/\\\/depedrodecor.com\\\/#website\"},\"primaryImageOfPage\":{\"@id\":\"https:\\\/\\\/depedrodecor.com\\\/interior\\\/#primaryimage\"},\"image\":{\"@id\":\"https:\\\/\\\/depedrodecor.com\\\/interior\\\/#primaryimage\"},\"thumbnailUrl\":\"https:\\\/\\\/depedrodecor.com\\\/wp-content\\\/uploads\\\/2024\\\/01\\\/1705347708076-2-1024x473.jpg\",\"datePublished\":\"2024-01-12T17:38:04+00:00\",\"dateModified\":\"2024-01-15T21:01:20+00:00\",\"description\":\"Con 32 a\u00f1os de experiencia en pintura decorativa, especializado en alisar paredes, recubrir gotel\u00e9 y en aplicar t\u00e9cnicas de acabado como el estuco veneciano o el microcemento.\",\"breadcrumb\":{\"@id\":\"https:\\\/\\\/depedrodecor.com\\\/interior\\\/#breadcrumb\"},\"inLanguage\":\"eu\",\"potentialAction\":[{\"@type\":\"ReadAction\",\"target\":[\"https:\\\/\\\/depedrodecor.com\\\/interior\\\/\"]}]},{\"@type\":\"ImageObject\",\"inLanguage\":\"eu\",\"@id\":\"https:\\\/\\\/depedrodecor.com\\\/interior\\\/#primaryimage\",\"url\":\"https:\\\/\\\/depedrodecor.com\\\/wp-content\\\/uploads\\\/2024\\\/01\\\/1705347708076-2-1024x473.jpg\",\"contentUrl\":\"https:\\\/\\\/depedrodecor.com\\\/wp-content\\\/uploads\\\/2024\\\/01\\\/1705347708076-2-1024x473.jpg\"},{\"@type\":\"BreadcrumbList\",\"@id\":\"https:\\\/\\\/depedrodecor.com\\\/interior\\\/#breadcrumb\",\"itemListElement\":[{\"@type\":\"ListItem\",\"position\":1,\"name\":\"Portada\",\"item\":\"https:\\\/\\\/depedrodecor.com\\\/\"},{\"@type\":\"ListItem\",\"position\":2,\"name\":\"INTERIOR\"}]},{\"@type\":\"WebSite\",\"@id\":\"https:\\\/\\\/depedrodecor.com\\\/#website\",\"url\":\"https:\\\/\\\/depedrodecor.com\\\/\",\"name\":\"Mikel de Pedro pintura decorativa\",\"description\":\"\",\"potentialAction\":[{\"@type\":\"SearchAction\",\"target\":{\"@type\":\"EntryPoint\",\"urlTemplate\":\"https:\\\/\\\/depedrodecor.com\\\/?s={search_term_string}\"},\"query-input\":{\"@type\":\"PropertyValueSpecification\",\"valueRequired\":true,\"valueName\":\"search_term_string\"}}],\"inLanguage\":\"eu\"}]}<\/script>\n<!-- \/ Yoast SEO plugin. -->","yoast_head_json":{"title":"INTERIOR - Mikel de Pedro pintura decorativa","description":"Con 32 a\u00f1os de experiencia en pintura decorativa, especializado en alisar paredes, recubrir gotel\u00e9 y en aplicar t\u00e9cnicas de acabado como el estuco veneciano o el microcemento.","robots":{"index":"index","follow":"follow","max-snippet":"max-snippet:-1","max-image-preview":"max-image-preview:large","max-video-preview":"max-video-preview:-1"},"canonical":"https:\/\/depedrodecor.com\/eu\/interior\/","og_locale":"en_US","og_type":"article","og_title":"INTERIOR - Mikel de Pedro pintura decorativa","og_description":"Con 32 a\u00f1os de experiencia en pintura decorativa, especializado en alisar paredes, recubrir gotel\u00e9 y en aplicar t\u00e9cnicas de acabado como el estuco veneciano o el microcemento.","og_url":"https:\/\/depedrodecor.com\/eu\/interior\/","og_site_name":"Mikel de Pedro pintura decorativa","article_modified_time":"2024-01-15T21:01:20+00:00","og_image":[{"url":"https:\/\/depedrodecor.com\/wp-content\/uploads\/2024\/01\/1705347708076-2-1024x473.jpg","type":"","width":"","height":""}],"twitter_card":"summary_large_image","twitter_misc":{"Est. reading time":"3 minutua"},"schema":{"@context":"https:\/\/schema.org","@graph":[{"@type":"WebPage","@id":"https:\/\/depedrodecor.com\/interior\/","url":"https:\/\/depedrodecor.com\/interior\/","name":"INTERIOR - Mikel de Pedro pintura decorativa","isPartOf":{"@id":"https:\/\/depedrodecor.com\/#website"},"primaryImageOfPage":{"@id":"https:\/\/depedrodecor.com\/interior\/#primaryimage"},"image":{"@id":"https:\/\/depedrodecor.com\/interior\/#primaryimage"},"thumbnailUrl":"https:\/\/depedrodecor.com\/wp-content\/uploads\/2024\/01\/1705347708076-2-1024x473.jpg","datePublished":"2024-01-12T17:38:04+00:00","dateModified":"2024-01-15T21:01:20+00:00","description":"Con 32 a\u00f1os de experiencia en pintura decorativa, especializado en alisar paredes, recubrir gotel\u00e9 y en aplicar t\u00e9cnicas de acabado como el estuco veneciano o el microcemento.","breadcrumb":{"@id":"https:\/\/depedrodecor.com\/interior\/#breadcrumb"},"inLanguage":"eu","potentialAction":[{"@type":"ReadAction","target":["https:\/\/depedrodecor.com\/interior\/"]}]},{"@type":"ImageObject","inLanguage":"eu","@id":"https:\/\/depedrodecor.com\/interior\/#primaryimage","url":"https:\/\/depedrodecor.com\/wp-content\/uploads\/2024\/01\/1705347708076-2-1024x473.jpg","contentUrl":"https:\/\/depedrodecor.com\/wp-content\/uploads\/2024\/01\/1705347708076-2-1024x473.jpg"},{"@type":"BreadcrumbList","@id":"https:\/\/depedrodecor.com\/interior\/#breadcrumb","itemListElement":[{"@type":"ListItem","position":1,"name":"Portada","item":"https:\/\/depedrodecor.com\/"},{"@type":"ListItem","position":2,"name":"INTERIOR"}]},{"@type":"WebSite","@id":"https:\/\/depedrodecor.com\/#website","url":"https:\/\/depedrodecor.com\/","name":"Mikel de Pedro pintura decorativa","description":"","potentialAction":[{"@type":"SearchAction","target":{"@type":"EntryPoint","urlTemplate":"https:\/\/depedrodecor.com\/?s={search_term_string}"},"query-input":{"@type":"PropertyValueSpecification","valueRequired":true,"valueName":"search_term_string"}}],"inLanguage":"eu"}]}},"_links":{"self":[{"href":"https:\/\/depedrodecor.com\/eu\/wp-json\/wp\/v2\/pages\/393","targetHints":{"allow":["GET"]}}],"collection":[{"href":"https:\/\/depedrodecor.com\/eu\/wp-json\/wp\/v2\/pages"}],"about":[{"href":"https:\/\/depedrodecor.com\/eu\/wp-json\/wp\/v2\/types\/page"}],"author":[{"embeddable":true,"href":"https:\/\/depedrodecor.com\/eu\/wp-json\/wp\/v2\/users\/1"}],"replies":[{"embeddable":true,"href":"https:\/\/depedrodecor.com\/eu\/wp-json\/wp\/v2\/comments?post=393"}],"version-history":[{"count":3,"href":"https:\/\/depedrodecor.com\/eu\/wp-json\/wp\/v2\/pages\/393\/revisions"}],"predecessor-version":[{"id":452,"href":"https:\/\/depedrodecor.com\/eu\/wp-json\/wp\/v2\/pages\/393\/revisions\/452"}],"wp:attachment":[{"href":"https:\/\/depedrodecor.com\/eu\/wp-json\/wp\/v2\/media?parent=393"}],"curies":[{"name":"wp","href":"https:\/\/api.w.org\/{rel}","templated":true}]}}