{"id":13,"date":"2023-09-01T13:02:31","date_gmt":"2023-09-01T13:02:31","guid":{"rendered":"https:\/\/web4.rkinformatika.net\/mikeldepedropinturadecorativa\/?page_id=13"},"modified":"2024-01-12T18:36:11","modified_gmt":"2024-01-12T18:36:11","slug":"servicios","status":"publish","type":"page","link":"https:\/\/depedrodecor.com\/eu\/servicios\/","title":{"rendered":"Zerbitzuak"},"content":{"rendered":"<div data-elementor-type=\"wp-page\" data-elementor-id=\"13\" class=\"elementor elementor-13\" data-elementor-post-type=\"page\">\n\t\t\t\t\t\t<section class=\"elementor-section elementor-top-section elementor-element elementor-element-69915496 elementor-section-full_width elementor-section-height-default elementor-section-height-default\" data-id=\"69915496\" data-element_type=\"section\" data-e-type=\"section\" data-settings=\"{&quot;background_background&quot;:&quot;classic&quot;}\">\n\t\t\t\t\t\t\t<div class=\"elementor-background-overlay\"><\/div>\n\t\t\t\t\t\t\t<div class=\"elementor-container elementor-column-gap-default\">\n\t\t\t\t\t<div class=\"elementor-column elementor-col-100 elementor-top-column elementor-element elementor-element-309c167\" data-id=\"309c167\" data-element_type=\"column\" data-e-type=\"column\">\n\t\t\t<div class=\"elementor-widget-wrap elementor-element-populated\">\n\t\t\t\t\t\t<div class=\"elementor-element elementor-element-07fcf74 elementor-widget elementor-widget-spacer\" data-id=\"07fcf74\" data-element_type=\"widget\" data-e-type=\"widget\" data-widget_type=\"spacer.default\">\n\t\t\t\t<div class=\"elementor-widget-container\">\n\t\t\t\t\t\t\t<div class=\"elementor-spacer\">\n\t\t\t<div class=\"elementor-spacer-inner\"><\/div>\n\t\t<\/div>\n\t\t\t\t\t\t<\/div>\n\t\t\t\t<\/div>\n\t\t\t\t\t<\/div>\n\t\t<\/div>\n\t\t\t\t\t<\/div>\n\t\t<\/section>\n\t\t\t\t<section class=\"elementor-section elementor-top-section elementor-element elementor-element-551e74fd elementor-section-boxed elementor-section-height-default elementor-section-height-default\" data-id=\"551e74fd\" data-element_type=\"section\" data-e-type=\"section\">\n\t\t\t\t\t\t<div class=\"elementor-container elementor-column-gap-default\">\n\t\t\t\t\t<div class=\"elementor-column elementor-col-33 elementor-top-column elementor-element elementor-element-1f1216ac\" data-id=\"1f1216ac\" data-element_type=\"column\" data-e-type=\"column\" data-settings=\"{&quot;background_background&quot;:&quot;classic&quot;}\">\n\t\t\t<div class=\"elementor-widget-wrap elementor-element-populated\">\n\t\t\t\t\t\t<div class=\"elementor-element elementor-element-25e3d3fb elementor-widget elementor-widget-heading\" data-id=\"25e3d3fb\" data-element_type=\"widget\" data-e-type=\"widget\" data-widget_type=\"heading.default\">\n\t\t\t\t<div class=\"elementor-widget-container\">\n\t\t\t\t\t<h4 class=\"elementor-heading-title elementor-size-default\">Decoraci\u00f3n\n<\/h4>\t\t\t\t<\/div>\n\t\t\t\t<\/div>\n\t\t\t\t<div class=\"elementor-element elementor-element-1e8e582d elementor-widget elementor-widget-image\" data-id=\"1e8e582d\" data-element_type=\"widget\" data-e-type=\"widget\" data-widget_type=\"image.default\">\n\t\t\t\t<div class=\"elementor-widget-container\">\n\t\t\t\t\t\t\t\t\t\t\t\t\t\t\t<img decoding=\"async\" src=\"https:\/\/depedrodecor.com\/wp-content\/uploads\/elementor\/thumbs\/g9740-qbrv6ihb9jsl0jvewyk82y0ms1pfg6t3hxy1fenwu8.png\" title=\"g9740.png\" alt=\"g9740.png\" loading=\"lazy\" \/>\t\t\t\t\t\t\t\t\t\t\t\t\t\t\t<\/div>\n\t\t\t\t<\/div>\n\t\t\t\t<div class=\"elementor-element elementor-element-29f0767d elementor-widget-tablet__width-initial elementor-widget-mobile__width-initial elementor-widget elementor-widget-text-editor\" data-id=\"29f0767d\" data-element_type=\"widget\" data-e-type=\"widget\" data-widget_type=\"text-editor.default\">\n\t\t\t\t<div class=\"elementor-widget-container\">\n\t\t\t\t\t\t\t\t\t<p>Decoraci\u00f3n de interiores mediante t\u00e9cnicas de acabado en viviendas y edificios destinados a uso residencial, con el prop\u00f3sito de mejorar la est\u00e9tica y proteger las superficies interiores y exteriores. Esto implica la preparaci\u00f3n de las superficies, la selecci\u00f3n de colores, t\u00e9cnicas de aplicaci\u00f3n y puede incluir proyectos de decoraci\u00f3n.<\/p>\t\t\t\t\t\t\t\t<\/div>\n\t\t\t\t<\/div>\n\t\t\t\t\t<\/div>\n\t\t<\/div>\n\t\t\t\t<div class=\"elementor-column elementor-col-33 elementor-top-column elementor-element elementor-element-6c16f68d\" data-id=\"6c16f68d\" data-element_type=\"column\" data-e-type=\"column\" data-settings=\"{&quot;background_background&quot;:&quot;classic&quot;}\">\n\t\t\t<div class=\"elementor-widget-wrap elementor-element-populated\">\n\t\t\t\t\t\t<div class=\"elementor-element elementor-element-3fba7024 elementor-widget elementor-widget-heading\" data-id=\"3fba7024\" data-element_type=\"widget\" data-e-type=\"widget\" data-widget_type=\"heading.default\">\n\t\t\t\t<div class=\"elementor-widget-container\">\n\t\t\t\t\t<h4 class=\"elementor-heading-title elementor-size-default\">Kanpoko pintura\n<\/h4>\t\t\t\t<\/div>\n\t\t\t\t<\/div>\n\t\t\t\t<div class=\"elementor-element elementor-element-11c39b7a elementor-widget elementor-widget-image\" data-id=\"11c39b7a\" data-element_type=\"widget\" data-e-type=\"widget\" data-widget_type=\"image.default\">\n\t\t\t\t<div class=\"elementor-widget-container\">\n\t\t\t\t\t\t\t\t\t\t\t\t\t\t\t<img decoding=\"async\" src=\"https:\/\/depedrodecor.com\/wp-content\/uploads\/elementor\/thumbs\/g9684-qbrv6ihb9jsl0jvewyk82y0ms1pfg6t3hxy1fenwu8.png\" title=\"g9684.png\" alt=\"g9684.png\" loading=\"lazy\" \/>\t\t\t\t\t\t\t\t\t\t\t\t\t\t\t<\/div>\n\t\t\t\t<\/div>\n\t\t\t\t<div class=\"elementor-element elementor-element-5b990c00 elementor-widget-tablet__width-initial elementor-widget-mobile__width-initial elementor-widget elementor-widget-text-editor\" data-id=\"5b990c00\" data-element_type=\"widget\" data-e-type=\"widget\" data-widget_type=\"text-editor.default\">\n\t\t\t\t<div class=\"elementor-widget-container\">\n\t\t\t\t\t\t\t\t\t<p>La pintura exterior se refiere a la aplicaci\u00f3n de pintura en la parte externa de edificios y viviendas, con el objetivo de proteger las superficies de los elementos naturales, como la lluvia y el sol, y mejorar la apariencia est\u00e9tica de la fachada. Este proceso implica l apreparaci\u00f3n de la superficie, la elecci\u00f3n de colores y tipos de pintura adecuados, y su aplicaci\u00f3n con el fin de mantener y embellecer la estructura del edificio. La pintura exterior es esencial para preservar la integridad de la construcci\u00f3n y su valor a lo largo del tiempo.<\/p>\t\t\t\t\t\t\t\t<\/div>\n\t\t\t\t<\/div>\n\t\t\t\t\t<\/div>\n\t\t<\/div>\n\t\t\t\t<div class=\"elementor-column elementor-col-33 elementor-top-column elementor-element elementor-element-77b62cfd\" data-id=\"77b62cfd\" data-element_type=\"column\" data-e-type=\"column\" data-settings=\"{&quot;background_background&quot;:&quot;classic&quot;}\">\n\t\t\t<div class=\"elementor-widget-wrap elementor-element-populated\">\n\t\t\t\t\t\t<div class=\"elementor-element elementor-element-545df4f elementor-widget elementor-widget-heading\" data-id=\"545df4f\" data-element_type=\"widget\" data-e-type=\"widget\" data-widget_type=\"heading.default\">\n\t\t\t\t<div class=\"elementor-widget-container\">\n\t\t\t\t\t<h4 class=\"elementor-heading-title elementor-size-default\">Barneko pinturak\n<\/h4>\t\t\t\t<\/div>\n\t\t\t\t<\/div>\n\t\t\t\t<div class=\"elementor-element elementor-element-14dff673 elementor-widget elementor-widget-image\" data-id=\"14dff673\" data-element_type=\"widget\" data-e-type=\"widget\" data-widget_type=\"image.default\">\n\t\t\t\t<div class=\"elementor-widget-container\">\n\t\t\t\t\t\t\t\t\t\t\t\t\t\t\t<img decoding=\"async\" src=\"https:\/\/depedrodecor.com\/wp-content\/uploads\/elementor\/thumbs\/g9713-qbrv6jf5gdtvc5u1rgyunfs3dfksnvwtu2liwomio0.png\" title=\"g9713.png\" alt=\"g9713.png\" loading=\"lazy\" \/>\t\t\t\t\t\t\t\t\t\t\t\t\t\t\t<\/div>\n\t\t\t\t<\/div>\n\t\t\t\t<div class=\"elementor-element elementor-element-2db371e2 elementor-widget-tablet__width-initial elementor-widget-mobile__width-initial elementor-widget elementor-widget-text-editor\" data-id=\"2db371e2\" data-element_type=\"widget\" data-e-type=\"widget\" data-widget_type=\"text-editor.default\">\n\t\t\t\t<div class=\"elementor-widget-container\">\n\t\t\t\t\t\t\t\t\t<p>La pintura de interior se refiere a la aplicaci\u00f3n de pintura en el interior de viviendas y edificios, con el prop\u00f3sito de decorar,embellecer y proteger las superficies de las paredes, techos y otros elementos internos. Este proceso implica la preparaci\u00f3n de las superficies, la elecci\u00f3n de colores y tipos de pintura, y su aplicaci\u00f3n con el objetivo de mejorar el ambiente interior, a\u00f1adir personalidad y renovar la\u00a0 apariencia de los espacios habitables. La pintura interior es una forma com\u00fan y efectiva de actualizar y personalizar una vivienda de manera relativamente econ\u00f3mica.<\/p>\t\t\t\t\t\t\t\t<\/div>\n\t\t\t\t<\/div>\n\t\t\t\t\t<\/div>\n\t\t<\/div>\n\t\t\t\t\t<\/div>\n\t\t<\/section>\n\t\t\t\t<\/div>","protected":false},"excerpt":{"rendered":"<p>Decoraci\u00f3n Decoraci\u00f3n de interiores mediante t\u00e9cnicas de acabado en viviendas y edificios destinados a uso residencial, con el prop\u00f3sito de mejorar la est\u00e9tica y proteger las superficies interiores y exteriores. Esto implica la preparaci\u00f3n de las superficies, la selecci\u00f3n de colores, t\u00e9cnicas de aplicaci\u00f3n y puede incluir proyectos de decoraci\u00f3n. Pintura de exterior La pintura [&hellip;]<\/p>\n","protected":false},"author":1,"featured_media":12,"parent":0,"menu_order":0,"comment_status":"closed","ping_status":"closed","template":"elementor_canvas","meta":{"footnotes":""},"class_list":["post-13","page","type-page","status-publish","has-post-thumbnail","hentry"],"yoast_head":"<!-- This site is optimized with the Yoast SEO plugin v27.3 - https:\/\/yoast.com\/product\/yoast-seo-wordpress\/ -->\n<title>Servicios - Mikel de Pedro pintura decorativa<\/title>\n<meta name=\"robots\" content=\"index, follow, max-snippet:-1, max-image-preview:large, max-video-preview:-1\" \/>\n<link rel=\"canonical\" href=\"https:\/\/depedrodecor.com\/eu\/servicios\/\" \/>\n<meta property=\"og:locale\" content=\"en_US\" \/>\n<meta property=\"og:type\" content=\"article\" \/>\n<meta property=\"og:title\" content=\"Servicios - Mikel de Pedro pintura decorativa\" \/>\n<meta property=\"og:description\" content=\"Decoraci\u00f3n Decoraci\u00f3n de interiores mediante t\u00e9cnicas de acabado en viviendas y edificios destinados a uso residencial, con el prop\u00f3sito de mejorar la est\u00e9tica y proteger las superficies interiores y exteriores. Esto implica la preparaci\u00f3n de las superficies, la selecci\u00f3n de colores, t\u00e9cnicas de aplicaci\u00f3n y puede incluir proyectos de decoraci\u00f3n. Pintura de exterior La pintura [&hellip;]\" \/>\n<meta property=\"og:url\" content=\"https:\/\/depedrodecor.com\/eu\/servicios\/\" \/>\n<meta property=\"og:site_name\" content=\"Mikel de Pedro pintura decorativa\" \/>\n<meta property=\"article:modified_time\" content=\"2024-01-12T18:36:11+00:00\" \/>\n<meta property=\"og:image\" content=\"https:\/\/depedrodecor.com\/wp-content\/uploads\/2023\/09\/Logo-Mikel-De-Pedro.jpg\" \/>\n\t<meta property=\"og:image:width\" content=\"1600\" \/>\n\t<meta property=\"og:image:height\" content=\"1131\" \/>\n\t<meta property=\"og:image:type\" content=\"image\/jpeg\" \/>\n<meta name=\"twitter:card\" content=\"summary_large_image\" \/>\n<meta name=\"twitter:label1\" content=\"Est. reading time\" \/>\n\t<meta name=\"twitter:data1\" content=\"2 minutua\" \/>\n<script type=\"application\/ld+json\" class=\"yoast-schema-graph\">{\"@context\":\"https:\\\/\\\/schema.org\",\"@graph\":[{\"@type\":\"WebPage\",\"@id\":\"https:\\\/\\\/depedrodecor.com\\\/servicios\\\/\",\"url\":\"https:\\\/\\\/depedrodecor.com\\\/servicios\\\/\",\"name\":\"Servicios - Mikel de Pedro pintura decorativa\",\"isPartOf\":{\"@id\":\"https:\\\/\\\/depedrodecor.com\\\/#website\"},\"primaryImageOfPage\":{\"@id\":\"https:\\\/\\\/depedrodecor.com\\\/servicios\\\/#primaryimage\"},\"image\":{\"@id\":\"https:\\\/\\\/depedrodecor.com\\\/servicios\\\/#primaryimage\"},\"thumbnailUrl\":\"https:\\\/\\\/depedrodecor.com\\\/wp-content\\\/uploads\\\/2023\\\/09\\\/Logo-Mikel-De-Pedro.jpg\",\"datePublished\":\"2023-09-01T13:02:31+00:00\",\"dateModified\":\"2024-01-12T18:36:11+00:00\",\"breadcrumb\":{\"@id\":\"https:\\\/\\\/depedrodecor.com\\\/servicios\\\/#breadcrumb\"},\"inLanguage\":\"eu\",\"potentialAction\":[{\"@type\":\"ReadAction\",\"target\":[\"https:\\\/\\\/depedrodecor.com\\\/servicios\\\/\"]}]},{\"@type\":\"ImageObject\",\"inLanguage\":\"eu\",\"@id\":\"https:\\\/\\\/depedrodecor.com\\\/servicios\\\/#primaryimage\",\"url\":\"https:\\\/\\\/depedrodecor.com\\\/wp-content\\\/uploads\\\/2023\\\/09\\\/Logo-Mikel-De-Pedro.jpg\",\"contentUrl\":\"https:\\\/\\\/depedrodecor.com\\\/wp-content\\\/uploads\\\/2023\\\/09\\\/Logo-Mikel-De-Pedro.jpg\",\"width\":1600,\"height\":1131},{\"@type\":\"BreadcrumbList\",\"@id\":\"https:\\\/\\\/depedrodecor.com\\\/servicios\\\/#breadcrumb\",\"itemListElement\":[{\"@type\":\"ListItem\",\"position\":1,\"name\":\"Portada\",\"item\":\"https:\\\/\\\/depedrodecor.com\\\/\"},{\"@type\":\"ListItem\",\"position\":2,\"name\":\"Servicios\"}]},{\"@type\":\"WebSite\",\"@id\":\"https:\\\/\\\/depedrodecor.com\\\/#website\",\"url\":\"https:\\\/\\\/depedrodecor.com\\\/\",\"name\":\"Mikel de Pedro pintura decorativa\",\"description\":\"\",\"potentialAction\":[{\"@type\":\"SearchAction\",\"target\":{\"@type\":\"EntryPoint\",\"urlTemplate\":\"https:\\\/\\\/depedrodecor.com\\\/?s={search_term_string}\"},\"query-input\":{\"@type\":\"PropertyValueSpecification\",\"valueRequired\":true,\"valueName\":\"search_term_string\"}}],\"inLanguage\":\"eu\"}]}<\/script>\n<!-- \/ Yoast SEO plugin. -->","yoast_head_json":{"title":"Servicios - Mikel de Pedro pintura decorativa","robots":{"index":"index","follow":"follow","max-snippet":"max-snippet:-1","max-image-preview":"max-image-preview:large","max-video-preview":"max-video-preview:-1"},"canonical":"https:\/\/depedrodecor.com\/eu\/servicios\/","og_locale":"en_US","og_type":"article","og_title":"Servicios - Mikel de Pedro pintura decorativa","og_description":"Decoraci\u00f3n Decoraci\u00f3n de interiores mediante t\u00e9cnicas de acabado en viviendas y edificios destinados a uso residencial, con el prop\u00f3sito de mejorar la est\u00e9tica y proteger las superficies interiores y exteriores. Esto implica la preparaci\u00f3n de las superficies, la selecci\u00f3n de colores, t\u00e9cnicas de aplicaci\u00f3n y puede incluir proyectos de decoraci\u00f3n. Pintura de exterior La pintura [&hellip;]","og_url":"https:\/\/depedrodecor.com\/eu\/servicios\/","og_site_name":"Mikel de Pedro pintura decorativa","article_modified_time":"2024-01-12T18:36:11+00:00","og_image":[{"width":1600,"height":1131,"url":"https:\/\/depedrodecor.com\/wp-content\/uploads\/2023\/09\/Logo-Mikel-De-Pedro.jpg","type":"image\/jpeg"}],"twitter_card":"summary_large_image","twitter_misc":{"Est. reading time":"2 minutua"},"schema":{"@context":"https:\/\/schema.org","@graph":[{"@type":"WebPage","@id":"https:\/\/depedrodecor.com\/servicios\/","url":"https:\/\/depedrodecor.com\/servicios\/","name":"Servicios - Mikel de Pedro pintura decorativa","isPartOf":{"@id":"https:\/\/depedrodecor.com\/#website"},"primaryImageOfPage":{"@id":"https:\/\/depedrodecor.com\/servicios\/#primaryimage"},"image":{"@id":"https:\/\/depedrodecor.com\/servicios\/#primaryimage"},"thumbnailUrl":"https:\/\/depedrodecor.com\/wp-content\/uploads\/2023\/09\/Logo-Mikel-De-Pedro.jpg","datePublished":"2023-09-01T13:02:31+00:00","dateModified":"2024-01-12T18:36:11+00:00","breadcrumb":{"@id":"https:\/\/depedrodecor.com\/servicios\/#breadcrumb"},"inLanguage":"eu","potentialAction":[{"@type":"ReadAction","target":["https:\/\/depedrodecor.com\/servicios\/"]}]},{"@type":"ImageObject","inLanguage":"eu","@id":"https:\/\/depedrodecor.com\/servicios\/#primaryimage","url":"https:\/\/depedrodecor.com\/wp-content\/uploads\/2023\/09\/Logo-Mikel-De-Pedro.jpg","contentUrl":"https:\/\/depedrodecor.com\/wp-content\/uploads\/2023\/09\/Logo-Mikel-De-Pedro.jpg","width":1600,"height":1131},{"@type":"BreadcrumbList","@id":"https:\/\/depedrodecor.com\/servicios\/#breadcrumb","itemListElement":[{"@type":"ListItem","position":1,"name":"Portada","item":"https:\/\/depedrodecor.com\/"},{"@type":"ListItem","position":2,"name":"Servicios"}]},{"@type":"WebSite","@id":"https:\/\/depedrodecor.com\/#website","url":"https:\/\/depedrodecor.com\/","name":"Mikel de Pedro pintura decorativa","description":"","potentialAction":[{"@type":"SearchAction","target":{"@type":"EntryPoint","urlTemplate":"https:\/\/depedrodecor.com\/?s={search_term_string}"},"query-input":{"@type":"PropertyValueSpecification","valueRequired":true,"valueName":"search_term_string"}}],"inLanguage":"eu"}]}},"_links":{"self":[{"href":"https:\/\/depedrodecor.com\/eu\/wp-json\/wp\/v2\/pages\/13","targetHints":{"allow":["GET"]}}],"collection":[{"href":"https:\/\/depedrodecor.com\/eu\/wp-json\/wp\/v2\/pages"}],"about":[{"href":"https:\/\/depedrodecor.com\/eu\/wp-json\/wp\/v2\/types\/page"}],"author":[{"embeddable":true,"href":"https:\/\/depedrodecor.com\/eu\/wp-json\/wp\/v2\/users\/1"}],"replies":[{"embeddable":true,"href":"https:\/\/depedrodecor.com\/eu\/wp-json\/wp\/v2\/comments?post=13"}],"version-history":[{"count":53,"href":"https:\/\/depedrodecor.com\/eu\/wp-json\/wp\/v2\/pages\/13\/revisions"}],"predecessor-version":[{"id":409,"href":"https:\/\/depedrodecor.com\/eu\/wp-json\/wp\/v2\/pages\/13\/revisions\/409"}],"wp:featuredmedia":[{"embeddable":true,"href":"https:\/\/depedrodecor.com\/eu\/wp-json\/wp\/v2\/media\/12"}],"wp:attachment":[{"href":"https:\/\/depedrodecor.com\/eu\/wp-json\/wp\/v2\/media?parent=13"}],"curies":[{"name":"wp","href":"https:\/\/api.w.org\/{rel}","templated":true}]}}